{"id":1672,"date":"2020-12-03T12:31:55","date_gmt":"2020-12-03T11:31:55","guid":{"rendered":"http:\/\/www.ladyherra.cz\/?page_id=1672"},"modified":"2025-04-29T11:37:20","modified_gmt":"2025-04-29T09:37:20","slug":"kontakt","status":"publish","type":"page","link":"https:\/\/www.ladyherra.cz\/de\/kontakt\/","title":{"rendered":"Kontakt"},"content":{"rendered":"<div id=\"kontakt\" class=\"fusion-container-anchor\"><div class=\"fusion-fullwidth fullwidth-box fusion-builder-row-1 fusion-flex-container has-pattern-background has-mask-background fusion-parallax-fixed nonhundred-percent-fullwidth non-hundred-percent-height-scrolling\" style=\"--awb-border-radius-top-left:0px;--awb-border-radius-top-right:0px;--awb-border-radius-bottom-right:0px;--awb-border-radius-bottom-left:0px;--awb-padding-top:150px;--awb-padding-bottom:150px;--awb-background-image:url(&quot;https:\/\/www.ladyherra.cz\/wp-content\/uploads\/2020\/11\/33-300x200.png&quot;);--awb-background-size:cover;--awb-flex-wrap:wrap;background-attachment:fixed;\" ><div class=\"fusion-builder-row fusion-row fusion-flex-align-items-flex-start fusion-flex-content-wrap\" style=\"max-width:1185.6px;margin-left: calc(-4% \/ 2 );margin-right: calc(-4% \/ 2 );\"><div class=\"fusion-layout-column fusion_builder_column fusion-builder-column-0 fusion_builder_column_1_1 1_1 fusion-flex-column\" style=\"--awb-bg-size:cover;--awb-width-large:100%;--awb-margin-top-large:150px;--awb-spacing-right-large:1.92%;--awb-margin-bottom-large:20px;--awb-spacing-left-large:1.92%;--awb-width-medium:100%;--awb-order-medium:0;--awb-spacing-right-medium:1.92%;--awb-spacing-left-medium:1.92%;--awb-width-small:100%;--awb-order-small:0;--awb-spacing-right-small:1.92%;--awb-spacing-left-small:1.92%;\" data-scroll-devices=\"small-visibility,medium-visibility,large-visibility\"><div class=\"fusion-column-wrapper fusion-column-has-shadow fusion-flex-justify-content-flex-start fusion-content-layout-column\"><div class=\"fusion-title title fusion-title-1 fusion-sep-none fusion-title-text fusion-title-size-two\" style=\"--awb-margin-top:30px;--awb-margin-bottom:0px;\"><h2 class=\"fusion-title-heading title-heading-left fusion-responsive-typography-calculated\" style=\"margin:0;--fontSize:16;--minFontSize:16;line-height:1.2;\"><p style=\"text-align: left;\">Ruf mich an&#8230;<\/p><\/h2><\/div><div class=\"fusion-text fusion-text-1\"><h4>Kontakt \/ Terminvereinbarung<\/h4>\n<\/div><div class=\"fusion-text fusion-text-2\" style=\"--awb-text-color:#ffffff;\"><p>Telefonisch bin ich zwischen 09:00 &#8211; 20:00 Uhr erreichbar. Termine bitte mindestens 2 &#8211; 3 Tagen\u00a0 vorher ausmachen und solltest Du einen Termin nicht wahrnehmen k\u00f6nnen, dann bitte so fr\u00fch wie m\u00f6glich\u00a0 Bescheid geben &#8211; sonst gibt es keine M\u00f6glichkeit mehr mich zu treffen.<\/p>\n<p><strong>Anruf mit unterdr\u00fcckter Nummer werden nicht akzeptiert und angenommen.<\/strong><br \/>\nDu kannst mich auch via SMS, Whatsapp und <a href=\"mailto:lady-herra@email.cz\">Email<\/a> kontaktieren.<\/p>\n<h5><strong>Das Studio Herra befindet sich in Br\u00fcnn.<\/strong><\/h5>\n<\/div><div class=\"fusion-text fusion-text-3\"><h5><strong>Du erreichst mich unter: +420 604 190 114<\/strong><\/h5>\n<\/div><\/div><\/div><\/div><\/div><\/div>\n","protected":false},"excerpt":{"rendered":"","protected":false},"author":1,"featured_media":0,"parent":0,"menu_order":0,"comment_status":"closed","ping_status":"closed","template":"100-width.php","meta":{"footnotes":""},"class_list":["post-1672","page","type-page","status-publish","hentry"],"_links":{"self":[{"href":"https:\/\/www.ladyherra.cz\/de\/wp-json\/wp\/v2\/pages\/1672","targetHints":{"allow":["GET"]}}],"collection":[{"href":"https:\/\/www.ladyherra.cz\/de\/wp-json\/wp\/v2\/pages"}],"about":[{"href":"https:\/\/www.ladyherra.cz\/de\/wp-json\/wp\/v2\/types\/page"}],"author":[{"embeddable":true,"href":"https:\/\/www.ladyherra.cz\/de\/wp-json\/wp\/v2\/users\/1"}],"replies":[{"embeddable":true,"href":"https:\/\/www.ladyherra.cz\/de\/wp-json\/wp\/v2\/comments?post=1672"}],"version-history":[{"count":43,"href":"https:\/\/www.ladyherra.cz\/de\/wp-json\/wp\/v2\/pages\/1672\/revisions"}],"predecessor-version":[{"id":3576,"href":"https:\/\/www.ladyherra.cz\/de\/wp-json\/wp\/v2\/pages\/1672\/revisions\/3576"}],"wp:attachment":[{"href":"https:\/\/www.ladyherra.cz\/de\/wp-json\/wp\/v2\/media?parent=1672"}],"curies":[{"name":"wp","href":"https:\/\/api.w.org\/{rel}","templated":true}]}}